{"id":11044,"date":"2025-02-10T11:08:25","date_gmt":"2025-02-10T10:08:25","guid":{"rendered":"https:\/\/hoteljardinbelgrade.com\/?page_id=11044"},"modified":"2025-05-20T17:17:55","modified_gmt":"2025-05-20T16:17:55","slug":"galerija","status":"publish","type":"page","link":"https:\/\/hoteljardinbelgrade.com\/sr\/galerija\/","title":{"rendered":"Galerija"},"content":{"rendered":"\t\t<div data-elementor-type=\"wp-page\" data-elementor-id=\"11044\" class=\"elementor elementor-11044 elementor-50\">\n\t\t\t\t<div class=\"elementor-element elementor-element-d3e3134 jarallax e-flex e-con-boxed rt-default-class e-con e-parent\" data-id=\"d3e3134\" data-element_type=\"container\" data-e-type=\"container\" data-settings=\"{&quot;background_background&quot;:&quot;classic&quot;}\">\n\t\t\t\t\t<div class=\"e-con-inner\">\n\t\t<div class=\"elementor-element elementor-element-f498048 e-con-full e-flex rt-default-class e-con e-child\" data-id=\"f498048\" data-element_type=\"container\" data-e-type=\"container\">\n\t\t\t\t<div class=\"elementor-element elementor-element-e112538 elementor-widget elementor-widget-heading\" data-id=\"e112538\" data-element_type=\"widget\" data-e-type=\"widget\" data-widget_type=\"heading.default\">\n\t\t\t\t<div class=\"elementor-widget-container\">\n\t\t\t\t\t<h1 class=\"elementor-heading-title elementor-size-default\">Galerija Jardin<\/h1>\t\t\t\t<\/div>\n\t\t\t\t<\/div>\n\t\t\t\t<div class=\"elementor-element elementor-element-5bf9609 elementor-widget elementor-widget-text-editor\" data-id=\"5bf9609\" data-element_type=\"widget\" data-e-type=\"widget\" data-widget_type=\"text-editor.default\">\n\t\t\t\t<div class=\"elementor-widget-container\">\n\t\t\t\t\t\t\t\t\t<div>Svaka fotografija do\u010darava su\u0161tinu luksuza, udobnosti i nenadma\u0161ne gostoljubivosti.<\/div>\t\t\t\t\t\t\t\t<\/div>\n\t\t\t\t<\/div>\n\t\t\t\t<\/div>\n\t\t\t\t\t<\/div>\n\t\t\t\t<\/div>\n\t\t<div class=\"elementor-element elementor-element-72af4d2 e-flex e-con-boxed rt-default-class e-con e-parent\" data-id=\"72af4d2\" data-element_type=\"container\" data-e-type=\"container\">\n\t\t\t\t\t<div class=\"e-con-inner\">\n\t\t<div class=\"elementor-element elementor-element-b3f62a6 e-con-full e-flex rt-default-class e-con e-child\" data-id=\"b3f62a6\" data-element_type=\"container\" data-e-type=\"container\">\n\t\t\t\t<div class=\"elementor-element elementor-element-047fe38 gallery-spacing-custom elementor-widget elementor-widget-image-gallery\" data-id=\"047fe38\" data-element_type=\"widget\" data-e-type=\"widget\" data-widget_type=\"image-gallery.default\">\n\t\t\t\t<div class=\"elementor-widget-container\">\n\t\t\t\t\t\t\t<div class=\"elementor-image-gallery\">\n\t\t\t<div id='gallery-1' class='gallery galleryid-11044 gallery-columns-3 gallery-size-full'><figure class='gallery-item'>\n\t\t\t<div class='gallery-icon landscape'>\n\t\t\t\t<a data-elementor-open-lightbox=\"yes\" data-elementor-lightbox-slideshow=\"047fe38\" data-e-action-hash=\"#elementor-action%3Aaction%3Dlightbox%26settings%3DeyJpZCI6MTA5NzEsInVybCI6Imh0dHBzOlwvXC9ob3RlbGphcmRpbmJlbGdyYWRlLmNvbVwvd3AtY29udGVudFwvdXBsb2Fkc1wvMjAyNVwvMDRcL2hvdGVsLWphcmRpbi1nYWxsZXJ5LTUud2VicCIsInNsaWRlc2hvdyI6IjA0N2ZlMzgifQ%3D%3D\" href='https:\/\/hoteljardinbelgrade.com\/wp-content\/uploads\/2025\/04\/hotel-jardin-gallery-5.webp'><img fetchpriority=\"high\" decoding=\"async\" width=\"1200\" height=\"798\" src=\"https:\/\/hoteljardinbelgrade.com\/wp-content\/uploads\/2025\/04\/hotel-jardin-gallery-5.webp\" class=\"attachment-full size-full\" alt=\"\" srcset=\"https:\/\/hoteljardinbelgrade.com\/wp-content\/uploads\/2025\/04\/hotel-jardin-gallery-5.webp 1200w, https:\/\/hoteljardinbelgrade.com\/wp-content\/uploads\/2025\/04\/hotel-jardin-gallery-5-300x200.webp 300w, https:\/\/hoteljardinbelgrade.com\/wp-content\/uploads\/2025\/04\/hotel-jardin-gallery-5-1024x681.webp 1024w, https:\/\/hoteljardinbelgrade.com\/wp-content\/uploads\/2025\/04\/hotel-jardin-gallery-5-768x511.webp 768w, https:\/\/hoteljardinbelgrade.com\/wp-content\/uploads\/2025\/04\/hotel-jardin-gallery-5-600x399.webp 600w\" sizes=\"(max-width: 1200px) 100vw, 1200px\" \/><\/a>\n\t\t\t<\/div><\/figure><figure class='gallery-item'>\n\t\t\t<div class='gallery-icon landscape'>\n\t\t\t\t<a data-elementor-open-lightbox=\"yes\" data-elementor-lightbox-slideshow=\"047fe38\" data-e-action-hash=\"#elementor-action%3Aaction%3Dlightbox%26settings%3DeyJpZCI6MTA5NzIsInVybCI6Imh0dHBzOlwvXC9ob3RlbGphcmRpbmJlbGdyYWRlLmNvbVwvd3AtY29udGVudFwvdXBsb2Fkc1wvMjAyNVwvMDRcL2hvdGVsLWphcmRpbi1nYWxsZXJ5LTYud2VicCIsInNsaWRlc2hvdyI6IjA0N2ZlMzgifQ%3D%3D\" href='https:\/\/hoteljardinbelgrade.com\/wp-content\/uploads\/2025\/04\/hotel-jardin-gallery-6.webp'><img decoding=\"async\" width=\"1200\" height=\"798\" src=\"https:\/\/hoteljardinbelgrade.com\/wp-content\/uploads\/2025\/04\/hotel-jardin-gallery-6.webp\" class=\"attachment-full size-full\" alt=\"\" srcset=\"https:\/\/hoteljardinbelgrade.com\/wp-content\/uploads\/2025\/04\/hotel-jardin-gallery-6.webp 1200w, https:\/\/hoteljardinbelgrade.com\/wp-content\/uploads\/2025\/04\/hotel-jardin-gallery-6-300x200.webp 300w, https:\/\/hoteljardinbelgrade.com\/wp-content\/uploads\/2025\/04\/hotel-jardin-gallery-6-1024x681.webp 1024w, https:\/\/hoteljardinbelgrade.com\/wp-content\/uploads\/2025\/04\/hotel-jardin-gallery-6-768x511.webp 768w, https:\/\/hoteljardinbelgrade.com\/wp-content\/uploads\/2025\/04\/hotel-jardin-gallery-6-600x399.webp 600w\" sizes=\"(max-width: 1200px) 100vw, 1200px\" \/><\/a>\n\t\t\t<\/div><\/figure><figure class='gallery-item'>\n\t\t\t<div class='gallery-icon landscape'>\n\t\t\t\t<a data-elementor-open-lightbox=\"yes\" data-elementor-lightbox-slideshow=\"047fe38\" data-e-action-hash=\"#elementor-action%3Aaction%3Dlightbox%26settings%3DeyJpZCI6MTA5NDgsInVybCI6Imh0dHBzOlwvXC9ob3RlbGphcmRpbmJlbGdyYWRlLmNvbVwvd3AtY29udGVudFwvdXBsb2Fkc1wvMjAyNVwvMDRcL2hvdGVsLWphcmRpbi1zdXBlcmlvci1kb3VibGUtcm9vbS0yLndlYnAiLCJzbGlkZXNob3ciOiIwNDdmZTM4In0%3D\" href='https:\/\/hoteljardinbelgrade.com\/wp-content\/uploads\/2025\/04\/hotel-jardin-superior-double-room-2.webp'><img decoding=\"async\" width=\"1200\" height=\"798\" src=\"https:\/\/hoteljardinbelgrade.com\/wp-content\/uploads\/2025\/04\/hotel-jardin-superior-double-room-2.webp\" class=\"attachment-full size-full\" alt=\"\" srcset=\"https:\/\/hoteljardinbelgrade.com\/wp-content\/uploads\/2025\/04\/hotel-jardin-superior-double-room-2.webp 1200w, https:\/\/hoteljardinbelgrade.com\/wp-content\/uploads\/2025\/04\/hotel-jardin-superior-double-room-2-300x200.webp 300w, https:\/\/hoteljardinbelgrade.com\/wp-content\/uploads\/2025\/04\/hotel-jardin-superior-double-room-2-1024x681.webp 1024w, https:\/\/hoteljardinbelgrade.com\/wp-content\/uploads\/2025\/04\/hotel-jardin-superior-double-room-2-768x511.webp 768w, https:\/\/hoteljardinbelgrade.com\/wp-content\/uploads\/2025\/04\/hotel-jardin-superior-double-room-2-600x399.webp 600w\" sizes=\"(max-width: 1200px) 100vw, 1200px\" \/><\/a>\n\t\t\t<\/div><\/figure><figure class='gallery-item'>\n\t\t\t<div class='gallery-icon landscape'>\n\t\t\t\t<a data-elementor-open-lightbox=\"yes\" data-elementor-lightbox-slideshow=\"047fe38\" data-e-action-hash=\"#elementor-action%3Aaction%3Dlightbox%26settings%3DeyJpZCI6MTA5NzMsInVybCI6Imh0dHBzOlwvXC9ob3RlbGphcmRpbmJlbGdyYWRlLmNvbVwvd3AtY29udGVudFwvdXBsb2Fkc1wvMjAyNVwvMDRcL2hvdGVsLWphcmRpbi1nYWxsZXJ5LTcud2VicCIsInNsaWRlc2hvdyI6IjA0N2ZlMzgifQ%3D%3D\" href='https:\/\/hoteljardinbelgrade.com\/wp-content\/uploads\/2025\/04\/hotel-jardin-gallery-7.webp'><img loading=\"lazy\" decoding=\"async\" width=\"1200\" height=\"798\" src=\"https:\/\/hoteljardinbelgrade.com\/wp-content\/uploads\/2025\/04\/hotel-jardin-gallery-7.webp\" class=\"attachment-full size-full\" alt=\"\" srcset=\"https:\/\/hoteljardinbelgrade.com\/wp-content\/uploads\/2025\/04\/hotel-jardin-gallery-7.webp 1200w, https:\/\/hoteljardinbelgrade.com\/wp-content\/uploads\/2025\/04\/hotel-jardin-gallery-7-300x200.webp 300w, https:\/\/hoteljardinbelgrade.com\/wp-content\/uploads\/2025\/04\/hotel-jardin-gallery-7-1024x681.webp 1024w, https:\/\/hoteljardinbelgrade.com\/wp-content\/uploads\/2025\/04\/hotel-jardin-gallery-7-768x511.webp 768w, https:\/\/hoteljardinbelgrade.com\/wp-content\/uploads\/2025\/04\/hotel-jardin-gallery-7-600x399.webp 600w\" sizes=\"(max-width: 1200px) 100vw, 1200px\" \/><\/a>\n\t\t\t<\/div><\/figure><figure class='gallery-item'>\n\t\t\t<div class='gallery-icon landscape'>\n\t\t\t\t<a data-elementor-open-lightbox=\"yes\" data-elementor-lightbox-slideshow=\"047fe38\" data-e-action-hash=\"#elementor-action%3Aaction%3Dlightbox%26settings%3DeyJpZCI6MTA5ODIsInVybCI6Imh0dHBzOlwvXC9ob3RlbGphcmRpbmJlbGdyYWRlLmNvbVwvd3AtY29udGVudFwvdXBsb2Fkc1wvMjAyNVwvMDRcL2hvdGVsLWphcmRpbi1nYWxsZXJ5LTQud2VicCIsInNsaWRlc2hvdyI6IjA0N2ZlMzgifQ%3D%3D\" href='https:\/\/hoteljardinbelgrade.com\/wp-content\/uploads\/2025\/04\/hotel-jardin-gallery-4.webp'><img loading=\"lazy\" decoding=\"async\" width=\"1200\" height=\"798\" src=\"https:\/\/hoteljardinbelgrade.com\/wp-content\/uploads\/2025\/04\/hotel-jardin-gallery-4.webp\" class=\"attachment-full size-full\" alt=\"\" srcset=\"https:\/\/hoteljardinbelgrade.com\/wp-content\/uploads\/2025\/04\/hotel-jardin-gallery-4.webp 1200w, https:\/\/hoteljardinbelgrade.com\/wp-content\/uploads\/2025\/04\/hotel-jardin-gallery-4-300x200.webp 300w, https:\/\/hoteljardinbelgrade.com\/wp-content\/uploads\/2025\/04\/hotel-jardin-gallery-4-1024x681.webp 1024w, https:\/\/hoteljardinbelgrade.com\/wp-content\/uploads\/2025\/04\/hotel-jardin-gallery-4-768x511.webp 768w, https:\/\/hoteljardinbelgrade.com\/wp-content\/uploads\/2025\/04\/hotel-jardin-gallery-4-600x399.webp 600w\" sizes=\"(max-width: 1200px) 100vw, 1200px\" \/><\/a>\n\t\t\t<\/div><\/figure><figure class='gallery-item'>\n\t\t\t<div class='gallery-icon landscape'>\n\t\t\t\t<a data-elementor-open-lightbox=\"yes\" data-elementor-lightbox-slideshow=\"047fe38\" data-e-action-hash=\"#elementor-action%3Aaction%3Dlightbox%26settings%3DeyJpZCI6MTA5NzQsInVybCI6Imh0dHBzOlwvXC9ob3RlbGphcmRpbmJlbGdyYWRlLmNvbVwvd3AtY29udGVudFwvdXBsb2Fkc1wvMjAyNVwvMDRcL2hvdGVsLWphcmRpbi1nYWxsZXJ5LTgud2VicCIsInNsaWRlc2hvdyI6IjA0N2ZlMzgifQ%3D%3D\" href='https:\/\/hoteljardinbelgrade.com\/wp-content\/uploads\/2025\/04\/hotel-jardin-gallery-8.webp'><img loading=\"lazy\" decoding=\"async\" width=\"1200\" height=\"798\" src=\"https:\/\/hoteljardinbelgrade.com\/wp-content\/uploads\/2025\/04\/hotel-jardin-gallery-8.webp\" class=\"attachment-full size-full\" alt=\"\" srcset=\"https:\/\/hoteljardinbelgrade.com\/wp-content\/uploads\/2025\/04\/hotel-jardin-gallery-8.webp 1200w, https:\/\/hoteljardinbelgrade.com\/wp-content\/uploads\/2025\/04\/hotel-jardin-gallery-8-300x200.webp 300w, https:\/\/hoteljardinbelgrade.com\/wp-content\/uploads\/2025\/04\/hotel-jardin-gallery-8-1024x681.webp 1024w, https:\/\/hoteljardinbelgrade.com\/wp-content\/uploads\/2025\/04\/hotel-jardin-gallery-8-768x511.webp 768w, https:\/\/hoteljardinbelgrade.com\/wp-content\/uploads\/2025\/04\/hotel-jardin-gallery-8-600x399.webp 600w\" sizes=\"(max-width: 1200px) 100vw, 1200px\" \/><\/a>\n\t\t\t<\/div><\/figure><figure class='gallery-item'>\n\t\t\t<div class='gallery-icon landscape'>\n\t\t\t\t<a data-elementor-open-lightbox=\"yes\" data-elementor-lightbox-slideshow=\"047fe38\" data-e-action-hash=\"#elementor-action%3Aaction%3Dlightbox%26settings%3DeyJpZCI6MTA5NzUsInVybCI6Imh0dHBzOlwvXC9ob3RlbGphcmRpbmJlbGdyYWRlLmNvbVwvd3AtY29udGVudFwvdXBsb2Fkc1wvMjAyNVwvMDRcL2hvdGVsLWphcmRpbi1nYWxsZXJ5LTkud2VicCIsInNsaWRlc2hvdyI6IjA0N2ZlMzgifQ%3D%3D\" href='https:\/\/hoteljardinbelgrade.com\/wp-content\/uploads\/2025\/04\/hotel-jardin-gallery-9.webp'><img loading=\"lazy\" decoding=\"async\" width=\"1200\" height=\"798\" src=\"https:\/\/hoteljardinbelgrade.com\/wp-content\/uploads\/2025\/04\/hotel-jardin-gallery-9.webp\" class=\"attachment-full size-full\" alt=\"\" srcset=\"https:\/\/hoteljardinbelgrade.com\/wp-content\/uploads\/2025\/04\/hotel-jardin-gallery-9.webp 1200w, https:\/\/hoteljardinbelgrade.com\/wp-content\/uploads\/2025\/04\/hotel-jardin-gallery-9-300x200.webp 300w, https:\/\/hoteljardinbelgrade.com\/wp-content\/uploads\/2025\/04\/hotel-jardin-gallery-9-1024x681.webp 1024w, https:\/\/hoteljardinbelgrade.com\/wp-content\/uploads\/2025\/04\/hotel-jardin-gallery-9-768x511.webp 768w, https:\/\/hoteljardinbelgrade.com\/wp-content\/uploads\/2025\/04\/hotel-jardin-gallery-9-600x399.webp 600w\" sizes=\"(max-width: 1200px) 100vw, 1200px\" \/><\/a>\n\t\t\t<\/div><\/figure><figure class='gallery-item'>\n\t\t\t<div class='gallery-icon landscape'>\n\t\t\t\t<a data-elementor-open-lightbox=\"yes\" data-elementor-lightbox-slideshow=\"047fe38\" data-e-action-hash=\"#elementor-action%3Aaction%3Dlightbox%26settings%3DeyJpZCI6MTA5NzgsInVybCI6Imh0dHBzOlwvXC9ob3RlbGphcmRpbmJlbGdyYWRlLmNvbVwvd3AtY29udGVudFwvdXBsb2Fkc1wvMjAyNVwvMDRcL2hvdGVsLWphcmRpbi1nYWxsZXJ5LTEyLndlYnAiLCJzbGlkZXNob3ciOiIwNDdmZTM4In0%3D\" href='https:\/\/hoteljardinbelgrade.com\/wp-content\/uploads\/2025\/04\/hotel-jardin-gallery-12.webp'><img loading=\"lazy\" decoding=\"async\" width=\"1200\" height=\"798\" src=\"https:\/\/hoteljardinbelgrade.com\/wp-content\/uploads\/2025\/04\/hotel-jardin-gallery-12.webp\" class=\"attachment-full size-full\" alt=\"\" srcset=\"https:\/\/hoteljardinbelgrade.com\/wp-content\/uploads\/2025\/04\/hotel-jardin-gallery-12.webp 1200w, https:\/\/hoteljardinbelgrade.com\/wp-content\/uploads\/2025\/04\/hotel-jardin-gallery-12-300x200.webp 300w, https:\/\/hoteljardinbelgrade.com\/wp-content\/uploads\/2025\/04\/hotel-jardin-gallery-12-1024x681.webp 1024w, https:\/\/hoteljardinbelgrade.com\/wp-content\/uploads\/2025\/04\/hotel-jardin-gallery-12-768x511.webp 768w, https:\/\/hoteljardinbelgrade.com\/wp-content\/uploads\/2025\/04\/hotel-jardin-gallery-12-600x399.webp 600w\" sizes=\"(max-width: 1200px) 100vw, 1200px\" \/><\/a>\n\t\t\t<\/div><\/figure><figure class='gallery-item'>\n\t\t\t<div class='gallery-icon landscape'>\n\t\t\t\t<a data-elementor-open-lightbox=\"yes\" data-elementor-lightbox-slideshow=\"047fe38\" data-e-action-hash=\"#elementor-action%3Aaction%3Dlightbox%26settings%3DeyJpZCI6MTA5NzYsInVybCI6Imh0dHBzOlwvXC9ob3RlbGphcmRpbmJlbGdyYWRlLmNvbVwvd3AtY29udGVudFwvdXBsb2Fkc1wvMjAyNVwvMDRcL2hvdGVsLWphcmRpbi1nYWxsZXJ5LTEwLndlYnAiLCJzbGlkZXNob3ciOiIwNDdmZTM4In0%3D\" href='https:\/\/hoteljardinbelgrade.com\/wp-content\/uploads\/2025\/04\/hotel-jardin-gallery-10.webp'><img loading=\"lazy\" decoding=\"async\" width=\"1200\" height=\"798\" src=\"https:\/\/hoteljardinbelgrade.com\/wp-content\/uploads\/2025\/04\/hotel-jardin-gallery-10.webp\" class=\"attachment-full size-full\" alt=\"\" srcset=\"https:\/\/hoteljardinbelgrade.com\/wp-content\/uploads\/2025\/04\/hotel-jardin-gallery-10.webp 1200w, https:\/\/hoteljardinbelgrade.com\/wp-content\/uploads\/2025\/04\/hotel-jardin-gallery-10-300x200.webp 300w, https:\/\/hoteljardinbelgrade.com\/wp-content\/uploads\/2025\/04\/hotel-jardin-gallery-10-1024x681.webp 1024w, https:\/\/hoteljardinbelgrade.com\/wp-content\/uploads\/2025\/04\/hotel-jardin-gallery-10-768x511.webp 768w, https:\/\/hoteljardinbelgrade.com\/wp-content\/uploads\/2025\/04\/hotel-jardin-gallery-10-600x399.webp 600w\" sizes=\"(max-width: 1200px) 100vw, 1200px\" \/><\/a>\n\t\t\t<\/div><\/figure><figure class='gallery-item'>\n\t\t\t<div class='gallery-icon landscape'>\n\t\t\t\t<a data-elementor-open-lightbox=\"yes\" data-elementor-lightbox-slideshow=\"047fe38\" data-e-action-hash=\"#elementor-action%3Aaction%3Dlightbox%26settings%3DeyJpZCI6MTA5NzcsInVybCI6Imh0dHBzOlwvXC9ob3RlbGphcmRpbmJlbGdyYWRlLmNvbVwvd3AtY29udGVudFwvdXBsb2Fkc1wvMjAyNVwvMDRcL2hvdGVsLWphcmRpbi1nYWxsZXJ5LTExLndlYnAiLCJzbGlkZXNob3ciOiIwNDdmZTM4In0%3D\" href='https:\/\/hoteljardinbelgrade.com\/wp-content\/uploads\/2025\/04\/hotel-jardin-gallery-11.webp'><img loading=\"lazy\" decoding=\"async\" width=\"1200\" height=\"798\" src=\"https:\/\/hoteljardinbelgrade.com\/wp-content\/uploads\/2025\/04\/hotel-jardin-gallery-11.webp\" class=\"attachment-full size-full\" alt=\"\" srcset=\"https:\/\/hoteljardinbelgrade.com\/wp-content\/uploads\/2025\/04\/hotel-jardin-gallery-11.webp 1200w, https:\/\/hoteljardinbelgrade.com\/wp-content\/uploads\/2025\/04\/hotel-jardin-gallery-11-300x200.webp 300w, https:\/\/hoteljardinbelgrade.com\/wp-content\/uploads\/2025\/04\/hotel-jardin-gallery-11-1024x681.webp 1024w, https:\/\/hoteljardinbelgrade.com\/wp-content\/uploads\/2025\/04\/hotel-jardin-gallery-11-768x511.webp 768w, https:\/\/hoteljardinbelgrade.com\/wp-content\/uploads\/2025\/04\/hotel-jardin-gallery-11-600x399.webp 600w\" sizes=\"(max-width: 1200px) 100vw, 1200px\" \/><\/a>\n\t\t\t<\/div><\/figure><figure class='gallery-item'>\n\t\t\t<div class='gallery-icon landscape'>\n\t\t\t\t<a data-elementor-open-lightbox=\"yes\" data-elementor-lightbox-slideshow=\"047fe38\" data-e-action-hash=\"#elementor-action%3Aaction%3Dlightbox%26settings%3DeyJpZCI6MTA5NzksInVybCI6Imh0dHBzOlwvXC9ob3RlbGphcmRpbmJlbGdyYWRlLmNvbVwvd3AtY29udGVudFwvdXBsb2Fkc1wvMjAyNVwvMDRcL2hvdGVsLWphcmRpbi1nYWxsZXJ5LTEud2VicCIsInNsaWRlc2hvdyI6IjA0N2ZlMzgifQ%3D%3D\" href='https:\/\/hoteljardinbelgrade.com\/wp-content\/uploads\/2025\/04\/hotel-jardin-gallery-1.webp'><img loading=\"lazy\" decoding=\"async\" width=\"1200\" height=\"798\" src=\"https:\/\/hoteljardinbelgrade.com\/wp-content\/uploads\/2025\/04\/hotel-jardin-gallery-1.webp\" class=\"attachment-full size-full\" alt=\"\" srcset=\"https:\/\/hoteljardinbelgrade.com\/wp-content\/uploads\/2025\/04\/hotel-jardin-gallery-1.webp 1200w, https:\/\/hoteljardinbelgrade.com\/wp-content\/uploads\/2025\/04\/hotel-jardin-gallery-1-300x200.webp 300w, https:\/\/hoteljardinbelgrade.com\/wp-content\/uploads\/2025\/04\/hotel-jardin-gallery-1-1024x681.webp 1024w, https:\/\/hoteljardinbelgrade.com\/wp-content\/uploads\/2025\/04\/hotel-jardin-gallery-1-768x511.webp 768w, https:\/\/hoteljardinbelgrade.com\/wp-content\/uploads\/2025\/04\/hotel-jardin-gallery-1-600x399.webp 600w\" sizes=\"(max-width: 1200px) 100vw, 1200px\" \/><\/a>\n\t\t\t<\/div><\/figure><figure class='gallery-item'>\n\t\t\t<div class='gallery-icon landscape'>\n\t\t\t\t<a data-elementor-open-lightbox=\"yes\" data-elementor-lightbox-slideshow=\"047fe38\" data-e-action-hash=\"#elementor-action%3Aaction%3Dlightbox%26settings%3DeyJpZCI6MTA5ODAsInVybCI6Imh0dHBzOlwvXC9ob3RlbGphcmRpbmJlbGdyYWRlLmNvbVwvd3AtY29udGVudFwvdXBsb2Fkc1wvMjAyNVwvMDRcL2hvdGVsLWphcmRpbi1nYWxsZXJ5LTIud2VicCIsInNsaWRlc2hvdyI6IjA0N2ZlMzgifQ%3D%3D\" href='https:\/\/hoteljardinbelgrade.com\/wp-content\/uploads\/2025\/04\/hotel-jardin-gallery-2.webp'><img loading=\"lazy\" decoding=\"async\" width=\"1200\" height=\"798\" src=\"https:\/\/hoteljardinbelgrade.com\/wp-content\/uploads\/2025\/04\/hotel-jardin-gallery-2.webp\" class=\"attachment-full size-full\" alt=\"\" srcset=\"https:\/\/hoteljardinbelgrade.com\/wp-content\/uploads\/2025\/04\/hotel-jardin-gallery-2.webp 1200w, https:\/\/hoteljardinbelgrade.com\/wp-content\/uploads\/2025\/04\/hotel-jardin-gallery-2-300x200.webp 300w, https:\/\/hoteljardinbelgrade.com\/wp-content\/uploads\/2025\/04\/hotel-jardin-gallery-2-1024x681.webp 1024w, https:\/\/hoteljardinbelgrade.com\/wp-content\/uploads\/2025\/04\/hotel-jardin-gallery-2-768x511.webp 768w, https:\/\/hoteljardinbelgrade.com\/wp-content\/uploads\/2025\/04\/hotel-jardin-gallery-2-600x399.webp 600w\" sizes=\"(max-width: 1200px) 100vw, 1200px\" \/><\/a>\n\t\t\t<\/div><\/figure><figure class='gallery-item'>\n\t\t\t<div class='gallery-icon landscape'>\n\t\t\t\t<a data-elementor-open-lightbox=\"yes\" data-elementor-lightbox-slideshow=\"047fe38\" data-e-action-hash=\"#elementor-action%3Aaction%3Dlightbox%26settings%3DeyJpZCI6MTA5ODEsInVybCI6Imh0dHBzOlwvXC9ob3RlbGphcmRpbmJlbGdyYWRlLmNvbVwvd3AtY29udGVudFwvdXBsb2Fkc1wvMjAyNVwvMDRcL2hvdGVsLWphcmRpbi1nYWxsZXJ5LTMud2VicCIsInNsaWRlc2hvdyI6IjA0N2ZlMzgifQ%3D%3D\" href='https:\/\/hoteljardinbelgrade.com\/wp-content\/uploads\/2025\/04\/hotel-jardin-gallery-3.webp'><img loading=\"lazy\" decoding=\"async\" width=\"1200\" height=\"798\" src=\"https:\/\/hoteljardinbelgrade.com\/wp-content\/uploads\/2025\/04\/hotel-jardin-gallery-3.webp\" class=\"attachment-full size-full\" alt=\"\" srcset=\"https:\/\/hoteljardinbelgrade.com\/wp-content\/uploads\/2025\/04\/hotel-jardin-gallery-3.webp 1200w, https:\/\/hoteljardinbelgrade.com\/wp-content\/uploads\/2025\/04\/hotel-jardin-gallery-3-300x200.webp 300w, https:\/\/hoteljardinbelgrade.com\/wp-content\/uploads\/2025\/04\/hotel-jardin-gallery-3-1024x681.webp 1024w, https:\/\/hoteljardinbelgrade.com\/wp-content\/uploads\/2025\/04\/hotel-jardin-gallery-3-768x511.webp 768w, https:\/\/hoteljardinbelgrade.com\/wp-content\/uploads\/2025\/04\/hotel-jardin-gallery-3-600x399.webp 600w\" sizes=\"(max-width: 1200px) 100vw, 1200px\" \/><\/a>\n\t\t\t<\/div><\/figure><figure class='gallery-item'>\n\t\t\t<div class='gallery-icon landscape'>\n\t\t\t\t<a data-elementor-open-lightbox=\"yes\" data-elementor-lightbox-slideshow=\"047fe38\" data-e-action-hash=\"#elementor-action%3Aaction%3Dlightbox%26settings%3DeyJpZCI6MTA5NTIsInVybCI6Imh0dHBzOlwvXC9ob3RlbGphcmRpbmJlbGdyYWRlLmNvbVwvd3AtY29udGVudFwvdXBsb2Fkc1wvMjAyNVwvMDRcL2hvdGVsLWphcmRpbi1zdXBlcmlvci1kb3VibGUtcm9vbS01LndlYnAiLCJzbGlkZXNob3ciOiIwNDdmZTM4In0%3D\" href='https:\/\/hoteljardinbelgrade.com\/wp-content\/uploads\/2025\/04\/hotel-jardin-superior-double-room-5.webp'><img loading=\"lazy\" decoding=\"async\" width=\"1200\" height=\"798\" src=\"https:\/\/hoteljardinbelgrade.com\/wp-content\/uploads\/2025\/04\/hotel-jardin-superior-double-room-5.webp\" class=\"attachment-full size-full\" alt=\"\" srcset=\"https:\/\/hoteljardinbelgrade.com\/wp-content\/uploads\/2025\/04\/hotel-jardin-superior-double-room-5.webp 1200w, https:\/\/hoteljardinbelgrade.com\/wp-content\/uploads\/2025\/04\/hotel-jardin-superior-double-room-5-300x200.webp 300w, https:\/\/hoteljardinbelgrade.com\/wp-content\/uploads\/2025\/04\/hotel-jardin-superior-double-room-5-1024x681.webp 1024w, https:\/\/hoteljardinbelgrade.com\/wp-content\/uploads\/2025\/04\/hotel-jardin-superior-double-room-5-768x511.webp 768w, https:\/\/hoteljardinbelgrade.com\/wp-content\/uploads\/2025\/04\/hotel-jardin-superior-double-room-5-600x399.webp 600w\" sizes=\"(max-width: 1200px) 100vw, 1200px\" \/><\/a>\n\t\t\t<\/div><\/figure>\n\t\t<\/div>\n\t\t<\/div>\n\t\t\t\t\t\t<\/div>\n\t\t\t\t<\/div>\n\t\t\t\t<\/div>\n\t\t\t\t\t<\/div>\n\t\t\t\t<\/div>\n\t\t\t\t<\/div>\n\t\t","protected":false},"excerpt":{"rendered":"<p>Galerija Jardin Svaka fotografija do\u010darava su\u0161tinu luksuza, udobnosti i nenadma\u0161ne gostoljubivosti.<\/p>\n","protected":false},"author":1,"featured_media":0,"parent":0,"menu_order":0,"comment_status":"closed","ping_status":"closed","template":"elementor_header_footer","meta":{"_seopress_robots_primary_cat":"","_seopress_titles_title":"","_seopress_titles_desc":"","_seopress_robots_index":"","footnotes":""},"class_list":["post-11044","page","type-page","status-publish","hentry"],"_links":{"self":[{"href":"https:\/\/hoteljardinbelgrade.com\/sr\/wp-json\/wp\/v2\/pages\/11044","targetHints":{"allow":["GET"]}}],"collection":[{"href":"https:\/\/hoteljardinbelgrade.com\/sr\/wp-json\/wp\/v2\/pages"}],"about":[{"href":"https:\/\/hoteljardinbelgrade.com\/sr\/wp-json\/wp\/v2\/types\/page"}],"author":[{"embeddable":true,"href":"https:\/\/hoteljardinbelgrade.com\/sr\/wp-json\/wp\/v2\/users\/1"}],"replies":[{"embeddable":true,"href":"https:\/\/hoteljardinbelgrade.com\/sr\/wp-json\/wp\/v2\/comments?post=11044"}],"version-history":[{"count":5,"href":"https:\/\/hoteljardinbelgrade.com\/sr\/wp-json\/wp\/v2\/pages\/11044\/revisions"}],"predecessor-version":[{"id":11058,"href":"https:\/\/hoteljardinbelgrade.com\/sr\/wp-json\/wp\/v2\/pages\/11044\/revisions\/11058"}],"wp:attachment":[{"href":"https:\/\/hoteljardinbelgrade.com\/sr\/wp-json\/wp\/v2\/media?parent=11044"}],"curies":[{"name":"wp","href":"https:\/\/api.w.org\/{rel}","templated":true}]}}