{"id":11059,"date":"2025-03-05T04:14:38","date_gmt":"2025-03-05T03:14:38","guid":{"rendered":"https:\/\/hoteljardinbelgrade.com\/?page_id=11059"},"modified":"2025-05-20T17:23:37","modified_gmt":"2025-05-20T16:23:37","slug":"restoran","status":"publish","type":"page","link":"https:\/\/hoteljardinbelgrade.com\/sr\/restoran\/","title":{"rendered":"Restoran"},"content":{"rendered":"\t\t<div data-elementor-type=\"wp-page\" data-elementor-id=\"11059\" class=\"elementor elementor-11059 elementor-9159\">\n\t\t\t\t<div class=\"elementor-element elementor-element-7d70b09 jarallax e-flex e-con-boxed rt-default-class e-con e-parent\" data-id=\"7d70b09\" data-element_type=\"container\" data-e-type=\"container\" data-settings=\"{&quot;background_background&quot;:&quot;classic&quot;}\">\n\t\t\t\t\t<div class=\"e-con-inner\">\n\t\t<div class=\"elementor-element elementor-element-28cbe2c e-con-full e-flex rt-default-class e-con e-child\" data-id=\"28cbe2c\" data-element_type=\"container\" data-e-type=\"container\">\n\t\t\t\t<div class=\"elementor-element elementor-element-705d664 elementor-widget elementor-widget-heading\" data-id=\"705d664\" data-element_type=\"widget\" data-e-type=\"widget\" data-widget_type=\"heading.default\">\n\t\t\t\t<div class=\"elementor-widget-container\">\n\t\t\t\t\t<h1 class=\"elementor-heading-title elementor-size-default\">Restoran Jardin<\/h1>\t\t\t\t<\/div>\n\t\t\t\t<\/div>\n\t\t\t\t<div class=\"elementor-element elementor-element-b42505d elementor-widget elementor-widget-text-editor\" data-id=\"b42505d\" data-element_type=\"widget\" data-e-type=\"widget\" data-widget_type=\"text-editor.default\">\n\t\t\t\t<div class=\"elementor-widget-container\">\n\t\t\t\t\t\t\t\t\t<div>Bilo da \u017eelite u\u017eivati u laganom doru\u010dku, poslovnom ru\u010dku ili romanti\u010dnoj ve\u010deri.<\/div>\t\t\t\t\t\t\t\t<\/div>\n\t\t\t\t<\/div>\n\t\t\t\t<\/div>\n\t\t\t\t\t<\/div>\n\t\t\t\t<\/div>\n\t\t<div class=\"elementor-element elementor-element-2db4e42 e-con-full e-flex rt-default-class e-con e-parent\" data-id=\"2db4e42\" data-element_type=\"container\" data-e-type=\"container\" data-settings=\"{&quot;background_background&quot;:&quot;classic&quot;}\">\n\t\t<div class=\"elementor-element elementor-element-6256ffc e-con-full e-flex rt-default-class e-con e-child\" data-id=\"6256ffc\" data-element_type=\"container\" data-e-type=\"container\">\n\t\t<div class=\"elementor-element elementor-element-c13ce71 e-con-full e-flex rt-default-class e-con e-child\" data-id=\"c13ce71\" data-element_type=\"container\" data-e-type=\"container\">\n\t\t<div class=\"elementor-element elementor-element-1f2f77b e-con-full e-flex rt-default-class e-con e-child\" data-id=\"1f2f77b\" data-element_type=\"container\" data-e-type=\"container\">\n\t\t\t\t<div class=\"elementor-element elementor-element-a3fbee0 rtimg-cover elementor-widget elementor-widget-image\" data-id=\"a3fbee0\" data-element_type=\"widget\" data-e-type=\"widget\" data-widget_type=\"image.default\">\n\t\t\t\t<div class=\"elementor-widget-container\">\n\t\t\t\t\t\t\t\t\t\t\t\t\t\t\t<img alt=\"\" fetchpriority=\"high\" decoding=\"async\" width=\"800\" height=\"553\" src=\"https:\/\/hoteljardinbelgrade.com\/wp-content\/uploads\/2025\/04\/restoran-jardin-bg.webp\" class=\"attachment-full size-full wp-image-10966\" alt=\"\" srcset=\"https:\/\/hoteljardinbelgrade.com\/wp-content\/uploads\/2025\/04\/restoran-jardin-bg.webp 800w, https:\/\/hoteljardinbelgrade.com\/wp-content\/uploads\/2025\/04\/restoran-jardin-bg-300x207.webp 300w, https:\/\/hoteljardinbelgrade.com\/wp-content\/uploads\/2025\/04\/restoran-jardin-bg-768x531.webp 768w, https:\/\/hoteljardinbelgrade.com\/wp-content\/uploads\/2025\/04\/restoran-jardin-bg-600x415.webp 600w\" sizes=\"(max-width: 800px) 100vw, 800px\" \/>\t\t\t\t\t\t\t\t\t\t\t\t\t\t\t<\/div>\n\t\t\t\t<\/div>\n\t\t\t\t<\/div>\n\t\t<div class=\"elementor-element elementor-element-dffce4d e-con-full e-flex rt-default-class e-con e-child\" data-id=\"dffce4d\" data-element_type=\"container\" data-e-type=\"container\">\n\t\t\t\t<div class=\"elementor-element elementor-element-433e6e8 has-jarallax-img rtimg-cover elementor-widget elementor-widget-image\" data-id=\"433e6e8\" data-element_type=\"widget\" data-e-type=\"widget\" data-widget_type=\"image.default\">\n\t\t\t\t<div class=\"elementor-widget-container\">\n\t\t\t\t\t\t\t\t\t\t\t\t\t\t\t<img alt=\"\" decoding=\"async\" width=\"861\" height=\"640\" src=\"https:\/\/hoteljardinbelgrade.com\/wp-content\/uploads\/2025\/04\/restaurant.webp\" class=\"attachment-full size-full wp-image-10983\" alt=\"\" srcset=\"https:\/\/hoteljardinbelgrade.com\/wp-content\/uploads\/2025\/04\/restaurant.webp 861w, https:\/\/hoteljardinbelgrade.com\/wp-content\/uploads\/2025\/04\/restaurant-300x223.webp 300w, https:\/\/hoteljardinbelgrade.com\/wp-content\/uploads\/2025\/04\/restaurant-768x571.webp 768w, https:\/\/hoteljardinbelgrade.com\/wp-content\/uploads\/2025\/04\/restaurant-600x446.webp 600w\" sizes=\"(max-width: 861px) 100vw, 861px\" \/>\t\t\t\t\t\t\t\t\t\t\t\t\t\t\t<\/div>\n\t\t\t\t<\/div>\n\t\t\t\t<\/div>\n\t\t\t\t<\/div>\n\t\t<div class=\"elementor-element elementor-element-70056c2 e-con-full e-flex rt-default-class e-con e-child\" data-id=\"70056c2\" data-element_type=\"container\" data-e-type=\"container\">\n\t\t\t\t<div class=\"elementor-element elementor-element-9cec449 elementor-widget elementor-widget-react-heading\" data-id=\"9cec449\" data-element_type=\"widget\" data-e-type=\"widget\" data-widget_type=\"react-heading.default\">\n\t\t\t\t<div class=\"elementor-widget-container\">\n\t\t\t\t\t<div class=\"react-heading-here\"> \r\n     <span class=\"rt-sub-heading-here\">\r\n      \r\n     <em>  <\/em>\r\n          <\/span>\r\n     <h2 class=\"rt-title-here\">\r\n          Restoran Jardin     <\/h2> \t\r\n<\/div>\t\t\t\t<\/div>\n\t\t\t\t<\/div>\n\t\t\t\t<div class=\"elementor-element elementor-element-4264d75 elementor-widget elementor-widget-text-editor\" data-id=\"4264d75\" data-element_type=\"widget\" data-e-type=\"widget\" data-widget_type=\"text-editor.default\">\n\t\t\t\t<div class=\"elementor-widget-container\">\n\t\t\t\t\t\t\t\t\t<p>Beogradski restoran nacionalne i internacionalne kuhinje sa diskretnim akcentom na francusku kuhinju nalazi se u samom centru Beograda, u sklopu hotela Jardin 4*.<\/p><p>Izdvojen pasa\u017eima od gradske vreve i buke, restoran Jardin osim pa\u017eljivo pripremljene hrane vrhunskih kuvara obezbe\u0111uje svojim gostima mir i privatnost, naro\u010dito u svojoj negovanoj i sakrivenoj zelenoj ba\u0161ti, koja se nalazi u dvori\u0161tu restorana&#8230;<\/p><p>Restoran koji radi svaki dan od 11.00h do 23.00h nalazi se u okviru objekta. Osim redovne restoranske ponude, restoran pru\u017ea svojim gostima i spoljnim klijentima mogu\u0107nost zakupa ili organizovanja celog ili odvojenog dela restorana za razli\u010dite privatne i poslovne skupove, ili kao konferencijska sala za do 50 u\u010desnika. Ba\u0161ta hotela tako\u0111e mo\u017ee biti pogodna za privatne i ekstravagantne ru\u010dkove i ve\u010dere, kao i za organizcaiju koktela, prijema, proslava i\u00a0 drugih specijalizovanih doga\u0111aja\u00a0 (ven\u010danja, ro\u0111endana, svadbi, godi\u0161njca, promocija&#8230;)<\/p>\t\t\t\t\t\t\t\t<\/div>\n\t\t\t\t<\/div>\n\t\t\t\t<\/div>\n\t\t\t\t<\/div>\n\t\t\t\t<\/div>\n\t\t<div class=\"elementor-element elementor-element-5e9a380 e-flex e-con-boxed rt-default-class e-con e-parent\" data-id=\"5e9a380\" data-element_type=\"container\" data-e-type=\"container\">\n\t\t\t\t\t<div class=\"e-con-inner\">\n\t\t\t\t<div class=\"elementor-element elementor-element-be3c546 elementor-widget elementor-widget-react-heading\" data-id=\"be3c546\" data-element_type=\"widget\" data-e-type=\"widget\" data-widget_type=\"react-heading.default\">\n\t\t\t\t<div class=\"elementor-widget-container\">\n\t\t\t\t\t<div class=\"react-heading-here\"> \r\n     <span class=\"rt-sub-heading-here\">\r\n      \r\n     <em>  <\/em>\r\n          <\/span>\r\n     <h2 class=\"rt-title-here\">\r\n          Konferencijska sala     <\/h2> \t\r\n<\/div>\t\t\t\t<\/div>\n\t\t\t\t<\/div>\n\t\t\t\t<div class=\"elementor-element elementor-element-6676fa4 elementor-widget elementor-widget-text-editor\" data-id=\"6676fa4\" data-element_type=\"widget\" data-e-type=\"widget\" data-widget_type=\"text-editor.default\">\n\t\t\t\t<div class=\"elementor-widget-container\">\n\t\t\t\t\t\t\t\t\t<p>U malom ali savremeno opremljenom poslovnom prostoru sa 10 fotelja omogu\u0107ava se manjoj grupi u\u010desnika potpun mir komfor za sastanke i dru\u017eenje&#8230; \u00a0Koriste\u0107i savremenu audio video i elektronsku opremu (mikrofon, projektor, laptop..) poslovni sastanci postjaju jo\u0161 jednostavniji i produktivniji. Usluge prevo\u0111enja i razli\u010dite asistencije mogu biti obezbe\u0111eni po blagovremenom zahtevu.<\/p><p>Osoblje i posluga restorana obezbe\u0111uje sav servis u ishrani i pi\u0107u kako u samoj sali, tako i u restoranu poslovnom prostoru ili ba\u0161ti hotela koji su u sastavu hotela.<\/p>\t\t\t\t\t\t\t\t<\/div>\n\t\t\t\t<\/div>\n\t\t\t\t\t<\/div>\n\t\t\t\t<\/div>\n\t\t\t\t<\/div>\n\t\t","protected":false},"excerpt":{"rendered":"<p>Restoran Jardin Bilo da \u017eelite u\u017eivati u laganom doru\u010dku, poslovnom ru\u010dku ili romanti\u010dnoj ve\u010deri. Restoran Jardin Beogradski restoran nacionalne i internacionalne kuhinje sa diskretnim akcentom na francusku kuhinju nalazi se u samom centru Beograda, u sklopu hotela Jardin 4*. Izdvojen pasa\u017eima od gradske vreve i buke, restoran Jardin osim pa\u017eljivo pripremljene hrane vrhunskih kuvara obezbe\u0111uje&#8230;<\/p>\n","protected":false},"author":1,"featured_media":0,"parent":0,"menu_order":0,"comment_status":"closed","ping_status":"closed","template":"elementor_header_footer","meta":{"_seopress_robots_primary_cat":"","_seopress_titles_title":"","_seopress_titles_desc":"","_seopress_robots_index":"","footnotes":""},"class_list":["post-11059","page","type-page","status-publish","hentry"],"_links":{"self":[{"href":"https:\/\/hoteljardinbelgrade.com\/sr\/wp-json\/wp\/v2\/pages\/11059","targetHints":{"allow":["GET"]}}],"collection":[{"href":"https:\/\/hoteljardinbelgrade.com\/sr\/wp-json\/wp\/v2\/pages"}],"about":[{"href":"https:\/\/hoteljardinbelgrade.com\/sr\/wp-json\/wp\/v2\/types\/page"}],"author":[{"embeddable":true,"href":"https:\/\/hoteljardinbelgrade.com\/sr\/wp-json\/wp\/v2\/users\/1"}],"replies":[{"embeddable":true,"href":"https:\/\/hoteljardinbelgrade.com\/sr\/wp-json\/wp\/v2\/comments?post=11059"}],"version-history":[{"count":7,"href":"https:\/\/hoteljardinbelgrade.com\/sr\/wp-json\/wp\/v2\/pages\/11059\/revisions"}],"predecessor-version":[{"id":11069,"href":"https:\/\/hoteljardinbelgrade.com\/sr\/wp-json\/wp\/v2\/pages\/11059\/revisions\/11069"}],"wp:attachment":[{"href":"https:\/\/hoteljardinbelgrade.com\/sr\/wp-json\/wp\/v2\/media?parent=11059"}],"curies":[{"name":"wp","href":"https:\/\/api.w.org\/{rel}","templated":true}]}}